{"id":276,"date":"2025-01-23T22:52:23","date_gmt":"2025-01-23T21:52:23","guid":{"rendered":"https:\/\/ptits-services.pro\/?page_id=276"},"modified":"2025-01-24T14:37:46","modified_gmt":"2025-01-24T13:37:46","slug":"remuneration","status":"publish","type":"page","link":"https:\/\/ptits-services.pro\/index.php\/remuneration\/","title":{"rendered":"Paiements"},"content":{"rendered":"\t\t<div data-elementor-type=\"wp-page\" data-elementor-id=\"276\" class=\"elementor elementor-276\">\n\t\t\t\t<div class=\"elementor-element elementor-element-06cf711 e-flex e-con-boxed e-con e-parent\" data-id=\"06cf711\" data-element_type=\"container\">\n\t\t\t\t\t<div class=\"e-con-inner\">\n\t\t\t\t<div class=\"elementor-element elementor-element-2dde538 elementor-widget elementor-widget-image\" data-id=\"2dde538\" data-element_type=\"widget\" data-widget_type=\"image.default\">\n\t\t\t\t<div class=\"elementor-widget-container\">\n\t\t\t\t\t\t\t\t\t\t\t\t\t<img fetchpriority=\"high\" decoding=\"async\" width=\"192\" height=\"300\" src=\"https:\/\/ptits-services.pro\/wp-content\/uploads\/2025\/01\/PtitsServices_Avatar-192x300.jpg\" class=\"attachment-medium size-medium wp-image-278\" alt=\"\" srcset=\"https:\/\/ptits-services.pro\/wp-content\/uploads\/2025\/01\/PtitsServices_Avatar-192x300.jpg 192w, https:\/\/ptits-services.pro\/wp-content\/uploads\/2025\/01\/PtitsServices_Avatar.jpg 557w\" sizes=\"(max-width: 192px) 100vw, 192px\" \/>\t\t\t\t\t\t\t\t\t\t\t\t\t<\/div>\n\t\t\t\t<\/div>\n\t\t\t\t\t<\/div>\n\t\t\t\t<\/div>\n\t\t<div class=\"elementor-element elementor-element-05d6105 e-flex e-con-boxed e-con e-parent\" data-id=\"05d6105\" data-element_type=\"container\">\n\t\t\t\t\t<div class=\"e-con-inner\">\n\t\t\t\t<div class=\"elementor-element elementor-element-281ff01 elementor-widget elementor-widget-heading\" data-id=\"281ff01\" data-element_type=\"widget\" data-widget_type=\"heading.default\">\n\t\t\t\t<div class=\"elementor-widget-container\">\n\t\t\t<h2 class=\"elementor-heading-title elementor-size-default\"><font size=\"10\">Comment me r\u00e9mun\u00e9rer ?<\/font>\n<br><br>\nPour r\u00e9gler les factures de mes interventions, vous disposez de deux m\u00e9thodes:<\/h2>\t\t<\/div>\n\t\t\t\t<\/div>\n\t\t\t\t\t<\/div>\n\t\t\t\t<\/div>\n\t\t<div class=\"elementor-element elementor-element-f5e4eeb e-flex e-con-boxed e-con e-parent\" data-id=\"f5e4eeb\" data-element_type=\"container\">\n\t\t\t\t\t<div class=\"e-con-inner\">\n\t\t\t\t<div class=\"elementor-element elementor-element-2891765 elementor-widget elementor-widget-image\" data-id=\"2891765\" data-element_type=\"widget\" data-widget_type=\"image.default\">\n\t\t\t\t<div class=\"elementor-widget-container\">\n\t\t\t\t\t\t\t\t\t\t\t\t\t<img decoding=\"async\" width=\"1167\" height=\"1544\" src=\"https:\/\/ptits-services.pro\/wp-content\/uploads\/2025\/01\/Ptits-Services_SAP_Paiement_Methode_1-3.jpg\" class=\"attachment-full size-full wp-image-318\" alt=\"\" srcset=\"https:\/\/ptits-services.pro\/wp-content\/uploads\/2025\/01\/Ptits-Services_SAP_Paiement_Methode_1-3.jpg 1167w, https:\/\/ptits-services.pro\/wp-content\/uploads\/2025\/01\/Ptits-Services_SAP_Paiement_Methode_1-3-227x300.jpg 227w, https:\/\/ptits-services.pro\/wp-content\/uploads\/2025\/01\/Ptits-Services_SAP_Paiement_Methode_1-3-774x1024.jpg 774w, https:\/\/ptits-services.pro\/wp-content\/uploads\/2025\/01\/Ptits-Services_SAP_Paiement_Methode_1-3-768x1016.jpg 768w, https:\/\/ptits-services.pro\/wp-content\/uploads\/2025\/01\/Ptits-Services_SAP_Paiement_Methode_1-3-1161x1536.jpg 1161w\" sizes=\"(max-width: 1167px) 100vw, 1167px\" \/>\t\t\t\t\t\t\t\t\t\t\t\t\t<\/div>\n\t\t\t\t<\/div>\n\t\t\t\t\t<\/div>\n\t\t\t\t<\/div>\n\t\t<div class=\"elementor-element elementor-element-1a039c7 e-flex e-con-boxed e-con e-parent\" data-id=\"1a039c7\" data-element_type=\"container\">\n\t\t\t\t\t<div class=\"e-con-inner\">\n\t\t\t\t<div class=\"elementor-element elementor-element-180b896 elementor-widget elementor-widget-image\" data-id=\"180b896\" data-element_type=\"widget\" data-widget_type=\"image.default\">\n\t\t\t\t<div class=\"elementor-widget-container\">\n\t\t\t\t\t\t\t\t\t\t\t\t\t<img decoding=\"async\" width=\"1187\" height=\"1918\" src=\"https:\/\/ptits-services.pro\/wp-content\/uploads\/2025\/01\/Ptits-Services_SAP_Paiement_Methode_2-1.jpg\" class=\"attachment-full size-full wp-image-330\" alt=\"\" srcset=\"https:\/\/ptits-services.pro\/wp-content\/uploads\/2025\/01\/Ptits-Services_SAP_Paiement_Methode_2-1.jpg 1187w, https:\/\/ptits-services.pro\/wp-content\/uploads\/2025\/01\/Ptits-Services_SAP_Paiement_Methode_2-1-186x300.jpg 186w, https:\/\/ptits-services.pro\/wp-content\/uploads\/2025\/01\/Ptits-Services_SAP_Paiement_Methode_2-1-634x1024.jpg 634w, https:\/\/ptits-services.pro\/wp-content\/uploads\/2025\/01\/Ptits-Services_SAP_Paiement_Methode_2-1-768x1241.jpg 768w, https:\/\/ptits-services.pro\/wp-content\/uploads\/2025\/01\/Ptits-Services_SAP_Paiement_Methode_2-1-951x1536.jpg 951w\" sizes=\"(max-width: 1187px) 100vw, 1187px\" \/>\t\t\t\t\t\t\t\t\t\t\t\t\t<\/div>\n\t\t\t\t<\/div>\n\t\t\t\t\t<\/div>\n\t\t\t\t<\/div>\n\t\t\t\t<\/div>\n\t\t","protected":false},"excerpt":{"rendered":"<p>Comment me r\u00e9mun\u00e9rer ? Pour r\u00e9gler les factures de mes interventions, vous disposez de deux m\u00e9thodes:<\/p>\n","protected":false},"author":1,"featured_media":0,"parent":0,"menu_order":0,"comment_status":"closed","ping_status":"closed","template":"","meta":{"site-sidebar-layout":"no-sidebar","site-content-layout":"","ast-site-content-layout":"full-width-container","site-content-style":"default","site-sidebar-style":"default","ast-global-header-display":"","ast-banner-title-visibility":"","ast-main-header-display":"","ast-hfb-above-header-display":"","ast-hfb-below-header-display":"","ast-hfb-mobile-header-display":"","site-post-title":"disabled","ast-breadcrumbs-content":"","ast-featured-img":"disabled","footer-sml-layout":"","theme-transparent-header-meta":"","adv-header-id-meta":"","stick-header-meta":"","header-above-stick-meta":"","header-main-stick-meta":"","header-below-stick-meta":"","astra-migrate-meta-layouts":"default","ast-page-background-enabled":"default","ast-page-background-meta":{"desktop":{"background-color":"var(--ast-global-color-4)","background-image":"","background-repeat":"repeat","background-position":"center center","background-size":"auto","background-attachment":"scroll","background-type":"","background-media":"","overlay-type":"","overlay-color":"","overlay-opacity":"","overlay-gradient":""},"tablet":{"background-color":"","background-image":"","background-repeat":"repeat","background-position":"center center","background-size":"auto","background-attachment":"scroll","background-type":"","background-media":"","overlay-type":"","overlay-color":"","overlay-opacity":"","overlay-gradient":""},"mobile":{"background-color":"","background-image":"","background-repeat":"repeat","background-position":"center center","background-size":"auto","background-attachment":"scroll","background-type":"","background-media":"","overlay-type":"","overlay-color":"","overlay-opacity":"","overlay-gradient":""}},"ast-content-background-meta":{"desktop":{"background-color":"var(--ast-global-color-5)","background-image":"","background-repeat":"repeat","background-position":"center center","background-size":"auto","background-attachment":"scroll","background-type":"","background-media":"","overlay-type":"","overlay-color":"","overlay-opacity":"","overlay-gradient":""},"tablet":{"background-color":"var(--ast-global-color-5)","background-image":"","background-repeat":"repeat","background-position":"center center","background-size":"auto","background-attachment":"scroll","background-type":"","background-media":"","overlay-type":"","overlay-color":"","overlay-opacity":"","overlay-gradient":""},"mobile":{"background-color":"var(--ast-global-color-5)","background-image":"","background-repeat":"repeat","background-position":"center center","background-size":"auto","background-attachment":"scroll","background-type":"","background-media":"","overlay-type":"","overlay-color":"","overlay-opacity":"","overlay-gradient":""}},"footnotes":""},"class_list":["post-276","page","type-page","status-publish","hentry"],"_links":{"self":[{"href":"https:\/\/ptits-services.pro\/index.php\/wp-json\/wp\/v2\/pages\/276","targetHints":{"allow":["GET"]}}],"collection":[{"href":"https:\/\/ptits-services.pro\/index.php\/wp-json\/wp\/v2\/pages"}],"about":[{"href":"https:\/\/ptits-services.pro\/index.php\/wp-json\/wp\/v2\/types\/page"}],"author":[{"embeddable":true,"href":"https:\/\/ptits-services.pro\/index.php\/wp-json\/wp\/v2\/users\/1"}],"replies":[{"embeddable":true,"href":"https:\/\/ptits-services.pro\/index.php\/wp-json\/wp\/v2\/comments?post=276"}],"version-history":[{"count":28,"href":"https:\/\/ptits-services.pro\/index.php\/wp-json\/wp\/v2\/pages\/276\/revisions"}],"predecessor-version":[{"id":333,"href":"https:\/\/ptits-services.pro\/index.php\/wp-json\/wp\/v2\/pages\/276\/revisions\/333"}],"wp:attachment":[{"href":"https:\/\/ptits-services.pro\/index.php\/wp-json\/wp\/v2\/media?parent=276"}],"curies":[{"name":"wp","href":"https:\/\/api.w.org\/{rel}","templated":true}]}}